{"id":15,"date":"2022-05-25T16:18:22","date_gmt":"2022-05-25T14:18:22","guid":{"rendered":"http:\/\/www.gaucherepublicaine2022.fr\/ga681501-ovh\/?page_id=15"},"modified":"2022-06-02T18:14:38","modified_gmt":"2022-06-02T16:14:38","slug":"la-federation","status":"publish","type":"page","link":"https:\/\/www.gaucherepublicaine2022.fr\/index.php\/la-federation\/","title":{"rendered":"La F\u00e9d\u00e9ration"},"content":{"rendered":"\t\t<div data-elementor-type=\"wp-page\" data-elementor-id=\"15\" class=\"elementor elementor-15\">\n\t\t\t\t\t\t\t\t\t<section data-particle_enable=\"false\" data-particle-mobile-disabled=\"false\" class=\"elementor-section elementor-top-section elementor-element elementor-element-84283e4 elementor-section-boxed elementor-section-height-default elementor-section-height-default\" data-id=\"84283e4\" data-element_type=\"section\">\n\t\t\t\t\t\t<div class=\"elementor-container elementor-column-gap-default\">\n\t\t\t\t\t<div class=\"elementor-column elementor-col-100 elementor-top-column elementor-element elementor-element-afeb148\" data-id=\"afeb148\" data-element_type=\"column\">\n\t\t\t<div class=\"elementor-widget-wrap elementor-element-populated\">\n\t\t\t\t\t\t\t\t<div class=\"elementor-element elementor-element-3c47be0 elementor-widget elementor-widget-text-editor\" data-id=\"3c47be0\" data-element_type=\"widget\" data-widget_type=\"text-editor.default\">\n\t\t\t\t<div class=\"elementor-widget-container\">\n\t\t\t<style>\/*! elementor - v3.6.5 - 27-04-2022 *\/\n.elementor-widget-text-editor.elementor-drop-cap-view-stacked .elementor-drop-cap{background-color:#818a91;color:#fff}.elementor-widget-text-editor.elementor-drop-cap-view-framed .elementor-drop-cap{color:#818a91;border:3px solid;background-color:transparent}.elementor-widget-text-editor:not(.elementor-drop-cap-view-default) .elementor-drop-cap{margin-top:8px}.elementor-widget-text-editor:not(.elementor-drop-cap-view-default) .elementor-drop-cap-letter{width:1em;height:1em}.elementor-widget-text-editor .elementor-drop-cap{float:left;text-align:center;line-height:1;font-size:50px}.elementor-widget-text-editor .elementor-drop-cap-letter{display:inline-block}<\/style>\t\t\t\t<p>La F\u00e9d\u00e9ration de la Gauche R\u00e9publicaine pr\u00e9sente 100 candidats aux \u00e9lections l\u00e9gislatives<\/p>\t\t\t\t\t\t<\/div>\n\t\t\t\t<\/div>\n\t\t\t\t\t<\/div>\n\t\t<\/div>\n\t\t\t\t\t\t\t<\/div>\n\t\t<\/section>\n\t\t\t\t<section data-particle_enable=\"false\" data-particle-mobile-disabled=\"false\" class=\"elementor-section elementor-top-section elementor-element elementor-element-f6a321f elementor-section-boxed elementor-section-height-default elementor-section-height-default\" data-id=\"f6a321f\" data-element_type=\"section\">\n\t\t\t\t\t\t<div class=\"elementor-container elementor-column-gap-default\">\n\t\t\t\t\t<div class=\"elementor-column elementor-col-50 elementor-top-column elementor-element elementor-element-8cb8fd6\" data-id=\"8cb8fd6\" data-element_type=\"column\">\n\t\t\t<div class=\"elementor-widget-wrap elementor-element-populated\">\n\t\t\t\t\t\t\t\t<div class=\"elementor-element elementor-element-8db7b03 elementor-widget elementor-widget-image\" data-id=\"8db7b03\" data-element_type=\"widget\" data-widget_type=\"image.default\">\n\t\t\t\t<div class=\"elementor-widget-container\">\n\t\t\t<style>\/*! elementor - v3.6.5 - 27-04-2022 *\/\n.elementor-widget-image{text-align:center}.elementor-widget-image a{display:inline-block}.elementor-widget-image a img[src$=\".svg\"]{width:48px}.elementor-widget-image img{vertical-align:middle;display:inline-block}<\/style>\t\t\t\t\t\t\t\t\t\t\t\t<img loading=\"lazy\" decoding=\"async\" width=\"640\" height=\"904\" src=\"https:\/\/www.gaucherepublicaine2022.fr\/wp-content\/uploads\/2022\/06\/communique_candidats_FGR_01-06-2022_page-0001-725x1024.jpg\" class=\"attachment-large size-large\" alt=\"\" srcset=\"https:\/\/www.gaucherepublicaine2022.fr\/wp-content\/uploads\/2022\/06\/communique_candidats_FGR_01-06-2022_page-0001-725x1024.jpg 725w, https:\/\/www.gaucherepublicaine2022.fr\/wp-content\/uploads\/2022\/06\/communique_candidats_FGR_01-06-2022_page-0001-212x300.jpg 212w, https:\/\/www.gaucherepublicaine2022.fr\/wp-content\/uploads\/2022\/06\/communique_candidats_FGR_01-06-2022_page-0001-768x1085.jpg 768w, https:\/\/www.gaucherepublicaine2022.fr\/wp-content\/uploads\/2022\/06\/communique_candidats_FGR_01-06-2022_page-0001-1087x1536.jpg 1087w, https:\/\/www.gaucherepublicaine2022.fr\/wp-content\/uploads\/2022\/06\/communique_candidats_FGR_01-06-2022_page-0001.jpg 1241w\" sizes=\"auto, (max-width: 34.9rem) calc(100vw - 2rem), (max-width: 53rem) calc(8 * (100vw \/ 12)), (min-width: 53rem) calc(6 * (100vw \/ 12)), 100vw\" \/>\t\t\t\t\t\t\t\t\t\t\t\t\t\t\t<\/div>\n\t\t\t\t<\/div>\n\t\t\t\t\t<\/div>\n\t\t<\/div>\n\t\t\t\t<div class=\"elementor-column elementor-col-50 elementor-top-column elementor-element elementor-element-7c120e6\" data-id=\"7c120e6\" data-element_type=\"column\">\n\t\t\t<div class=\"elementor-widget-wrap elementor-element-populated\">\n\t\t\t\t\t\t\t\t<div class=\"elementor-element elementor-element-6c64b52 elementor-widget elementor-widget-image\" data-id=\"6c64b52\" data-element_type=\"widget\" data-widget_type=\"image.default\">\n\t\t\t\t<div class=\"elementor-widget-container\">\n\t\t\t\t\t\t\t\t\t\t\t\t\t\t\t<img loading=\"lazy\" decoding=\"async\" width=\"640\" height=\"904\" src=\"https:\/\/www.gaucherepublicaine2022.fr\/wp-content\/uploads\/2022\/06\/communique_candidats_FGR_01-06-2022_page-0002-725x1024.jpg\" class=\"attachment-large size-large\" alt=\"\" srcset=\"https:\/\/www.gaucherepublicaine2022.fr\/wp-content\/uploads\/2022\/06\/communique_candidats_FGR_01-06-2022_page-0002-725x1024.jpg 725w, https:\/\/www.gaucherepublicaine2022.fr\/wp-content\/uploads\/2022\/06\/communique_candidats_FGR_01-06-2022_page-0002-212x300.jpg 212w, https:\/\/www.gaucherepublicaine2022.fr\/wp-content\/uploads\/2022\/06\/communique_candidats_FGR_01-06-2022_page-0002-768x1085.jpg 768w, https:\/\/www.gaucherepublicaine2022.fr\/wp-content\/uploads\/2022\/06\/communique_candidats_FGR_01-06-2022_page-0002-1087x1536.jpg 1087w, https:\/\/www.gaucherepublicaine2022.fr\/wp-content\/uploads\/2022\/06\/communique_candidats_FGR_01-06-2022_page-0002.jpg 1241w\" sizes=\"auto, (max-width: 34.9rem) calc(100vw - 2rem), (max-width: 53rem) calc(8 * (100vw \/ 12)), (min-width: 53rem) calc(6 * (100vw \/ 12)), 100vw\" \/>\t\t\t\t\t\t\t\t\t\t\t\t\t\t\t<\/div>\n\t\t\t\t<\/div>\n\t\t\t\t\t<\/div>\n\t\t<\/div>\n\t\t\t\t\t\t\t<\/div>\n\t\t<\/section>\n\t\t\t\t<section data-particle_enable=\"false\" data-particle-mobile-disabled=\"false\" class=\"elementor-section elementor-top-section elementor-element elementor-element-047f75a elementor-section-boxed elementor-section-height-default elementor-section-height-default\" data-id=\"047f75a\" data-element_type=\"section\">\n\t\t\t\t\t\t<div class=\"elementor-container elementor-column-gap-default\">\n\t\t\t\t\t<div class=\"elementor-column elementor-col-100 elementor-top-column elementor-element elementor-element-3a97e0c\" data-id=\"3a97e0c\" data-element_type=\"column\">\n\t\t\t<div class=\"elementor-widget-wrap elementor-element-populated\">\n\t\t\t\t\t\t\t\t<div class=\"elementor-element elementor-element-a4f0286 elementor-widget elementor-widget-text-editor\" data-id=\"a4f0286\" data-element_type=\"widget\" data-widget_type=\"text-editor.default\">\n\t\t\t\t<div class=\"elementor-widget-container\">\n\t\t\t\t\t\t\t<p><strong>Les sites internet partis membres de la F\u00e9d\u00e9ration :\u00a0<\/strong><\/p><p><a href=\"https:\/\/g-r-s.fr\/\">Gauche R\u00e9publicaine et Socialiste<\/a><\/p><p><a href=\"https:\/\/www.mrc-france.org\/\">MRC<\/a><\/p><p><a href=\"https:\/\/www.facebook.com\/ecopopulaire\/\">L&rsquo;\u00e9cologie populaire<\/a><\/p><p><a href=\"https:\/\/www.facebook.com\/LesSocialistes\/\">Les Socialistes<\/a><\/p><p><a href=\"https:\/\/l-engagement.fr\/\">L&rsquo;engagement<\/a><\/p><p><a href=\"https:\/\/www.lesradicauxdegauche-lrdg.fr\/\">Les Radicaux de Gauche<\/a><\/p><p><a href=\"https:\/\/twitter.com\/mouvement_ngs?s=11&amp;t=ZdHpnSClv-VLADjrifqj0w\">Nouvelle Gauche Socialiste<\/a><\/p>\t\t\t\t\t\t<\/div>\n\t\t\t\t<\/div>\n\t\t\t\t\t<\/div>\n\t\t<\/div>\n\t\t\t\t\t\t\t<\/div>\n\t\t<\/section>\n\t\t\t\t\t\t\t<\/div>\n\t\t","protected":false},"excerpt":{"rendered":"<p>La F\u00e9d\u00e9ration de la Gauche R\u00e9publicaine pr\u00e9sente 100 candidats aux \u00e9lections l\u00e9gislatives Les sites internet partis membres de la F\u00e9d\u00e9ration :\u00a0 Gauche R\u00e9publicaine et Socialiste MRC L&rsquo;\u00e9cologie populaire Les Socialistes L&rsquo;engagement Les Radicaux de Gauche Nouvelle Gauche Socialiste<\/p>\n","protected":false},"author":1,"featured_media":0,"parent":0,"menu_order":0,"comment_status":"closed","ping_status":"closed","template":"","meta":{"spay_email":"","footnotes":""},"class_list":["post-15","page","type-page","status-publish","hentry","entry"],"_links":{"self":[{"href":"https:\/\/www.gaucherepublicaine2022.fr\/index.php\/wp-json\/wp\/v2\/pages\/15","targetHints":{"allow":["GET"]}}],"collection":[{"href":"https:\/\/www.gaucherepublicaine2022.fr\/index.php\/wp-json\/wp\/v2\/pages"}],"about":[{"href":"https:\/\/www.gaucherepublicaine2022.fr\/index.php\/wp-json\/wp\/v2\/types\/page"}],"author":[{"embeddable":true,"href":"https:\/\/www.gaucherepublicaine2022.fr\/index.php\/wp-json\/wp\/v2\/users\/1"}],"replies":[{"embeddable":true,"href":"https:\/\/www.gaucherepublicaine2022.fr\/index.php\/wp-json\/wp\/v2\/comments?post=15"}],"version-history":[{"count":37,"href":"https:\/\/www.gaucherepublicaine2022.fr\/index.php\/wp-json\/wp\/v2\/pages\/15\/revisions"}],"predecessor-version":[{"id":261,"href":"https:\/\/www.gaucherepublicaine2022.fr\/index.php\/wp-json\/wp\/v2\/pages\/15\/revisions\/261"}],"wp:attachment":[{"href":"https:\/\/www.gaucherepublicaine2022.fr\/index.php\/wp-json\/wp\/v2\/media?parent=15"}],"curies":[{"name":"wp","href":"https:\/\/api.w.org\/{rel}","templated":true}]}}