{"id":94,"date":"2022-05-25T16:46:49","date_gmt":"2022-05-25T14:46:49","guid":{"rendered":"http:\/\/www.gaucherepublicaine2022.fr\/ga681501-ovh\/index.php\/home\/"},"modified":"2022-05-30T19:26:46","modified_gmt":"2022-05-30T17:26:46","slug":"home","status":"publish","type":"page","link":"https:\/\/www.gaucherepublicaine2022.fr\/","title":{"rendered":"Accueil"},"content":{"rendered":"\t\t<div data-elementor-type=\"wp-page\" data-elementor-id=\"94\" class=\"elementor elementor-94\">\n\t\t\t\t\t\t\t\t\t<section data-particle_enable=\"false\" data-particle-mobile-disabled=\"false\" class=\"elementor-section elementor-top-section elementor-element elementor-element-30c13462 elementor-section-boxed elementor-section-height-default elementor-section-height-default\" data-id=\"30c13462\" data-element_type=\"section\">\n\t\t\t\t\t\t<div class=\"elementor-container elementor-column-gap-default\">\n\t\t\t\t\t<div class=\"elementor-column elementor-col-100 elementor-top-column elementor-element elementor-element-1f394a14\" data-id=\"1f394a14\" data-element_type=\"column\">\n\t\t\t<div class=\"elementor-widget-wrap elementor-element-populated\">\n\t\t\t\t\t\t\t\t<div class=\"elementor-element elementor-element-70ea0ba7 elementor-widget elementor-widget-spacer\" data-id=\"70ea0ba7\" data-element_type=\"widget\" data-widget_type=\"spacer.default\">\n\t\t\t\t<div class=\"elementor-widget-container\">\n\t\t\t<style>\/*! elementor - v3.6.5 - 27-04-2022 *\/\n.e-container.e-container--row .elementor-spacer-inner{width:var(--spacer-size)}.e-container.e-container--column .elementor-spacer-inner,.elementor-column .elementor-spacer-inner{height:var(--spacer-size)}<\/style>\t\t<div class=\"elementor-spacer\">\n\t\t\t<div class=\"elementor-spacer-inner\"><\/div>\n\t\t<\/div>\n\t\t\t\t<\/div>\n\t\t\t\t<\/div>\n\t\t\t\t<div class=\"elementor-element elementor-element-5058805b elementor-widget elementor-widget-heading\" data-id=\"5058805b\" data-element_type=\"widget\" data-widget_type=\"heading.default\">\n\t\t\t\t<div class=\"elementor-widget-container\">\n\t\t\t<style>\/*! elementor - v3.6.5 - 27-04-2022 *\/\n.elementor-heading-title{padding:0;margin:0;line-height:1}.elementor-widget-heading .elementor-heading-title[class*=elementor-size-]>a{color:inherit;font-size:inherit;line-height:inherit}.elementor-widget-heading .elementor-heading-title.elementor-size-small{font-size:15px}.elementor-widget-heading .elementor-heading-title.elementor-size-medium{font-size:19px}.elementor-widget-heading .elementor-heading-title.elementor-size-large{font-size:29px}.elementor-widget-heading .elementor-heading-title.elementor-size-xl{font-size:39px}.elementor-widget-heading .elementor-heading-title.elementor-size-xxl{font-size:59px}<\/style><h2 class=\"elementor-heading-title elementor-size-default\">Nous n'avons pas renonc\u00e9 \u00e0 changer la vie !<\/h2>\t\t<\/div>\n\t\t\t\t<\/div>\n\t\t\t\t<div class=\"elementor-element elementor-element-24fd0fe0 elementor-widget elementor-widget-spacer\" data-id=\"24fd0fe0\" data-element_type=\"widget\" data-widget_type=\"spacer.default\">\n\t\t\t\t<div class=\"elementor-widget-container\">\n\t\t\t\t\t<div class=\"elementor-spacer\">\n\t\t\t<div class=\"elementor-spacer-inner\"><\/div>\n\t\t<\/div>\n\t\t\t\t<\/div>\n\t\t\t\t<\/div>\n\t\t\t\t\t<\/div>\n\t\t<\/div>\n\t\t\t\t\t\t\t<\/div>\n\t\t<\/section>\n\t\t\t\t<section data-particle_enable=\"false\" data-particle-mobile-disabled=\"false\" class=\"elementor-section elementor-top-section elementor-element elementor-element-2f97faa3 elementor-section-boxed elementor-section-height-default elementor-section-height-default\" data-id=\"2f97faa3\" data-element_type=\"section\">\n\t\t\t\t\t\t<div class=\"elementor-container elementor-column-gap-default\">\n\t\t\t\t\t<div class=\"elementor-column elementor-col-50 elementor-top-column elementor-element elementor-element-30816da8\" data-id=\"30816da8\" data-element_type=\"column\">\n\t\t\t<div class=\"elementor-widget-wrap elementor-element-populated\">\n\t\t\t\t\t\t\t\t<div class=\"elementor-element elementor-element-5f3d3a9 elementor-widget elementor-widget-text-editor\" data-id=\"5f3d3a9\" data-element_type=\"widget\" data-widget_type=\"text-editor.default\">\n\t\t\t\t<div class=\"elementor-widget-container\">\n\t\t\t<style>\/*! elementor - v3.6.5 - 27-04-2022 *\/\n.elementor-widget-text-editor.elementor-drop-cap-view-stacked .elementor-drop-cap{background-color:#818a91;color:#fff}.elementor-widget-text-editor.elementor-drop-cap-view-framed .elementor-drop-cap{color:#818a91;border:3px solid;background-color:transparent}.elementor-widget-text-editor:not(.elementor-drop-cap-view-default) .elementor-drop-cap{margin-top:8px}.elementor-widget-text-editor:not(.elementor-drop-cap-view-default) .elementor-drop-cap-letter{width:1em;height:1em}.elementor-widget-text-editor .elementor-drop-cap{float:left;text-align:center;line-height:1;font-size:50px}.elementor-widget-text-editor .elementor-drop-cap-letter{display:inline-block}<\/style>\t\t\t\t<p>Nous n\u2019avons pas renonc\u00e9 \u00e0 changer la vie. En ces temps de d\u00e9senchantement d\u00e9mocratique et de recul du militantisme politique, cette profession de foi peut para\u00eetre aussi immodeste qu\u2019irr\u00e9aliste.<\/p><p>Les urgences sont l\u00e0, spectaculaires et tragiques\u00a0: r\u00e9chauffement climatique, in\u00e9galit\u00e9s sociales, bouleversements g\u00e9opolitiques. Nos r\u00e9ponses doivent \u00eatre \u00e0 la hauteur des d\u00e9fis.<\/p><p>La pr\u00e9paration des \u00e9lections pr\u00e9sidentielle et l\u00e9gislatives s\u2019inscrit dans cette perspective politique. Il n\u2019est pas trop tard pour engager la France et l\u2019Europe dans cette grande bifurcation dont nous dessinions les contours lors de la fondation de notre mouvement il y a maintenant deux ans. Il n\u2019est pas trop tard mais il y a peu de temps \u00e0 perdre. Or le quinquennat qui s\u2019ach\u00e8ve nous en a fait perdre.<\/p><p>Que restera-t-il du macronisme ? Un grand mouvement social, celui des \u00ab Gilets Jaunes \u00bb, provoqu\u00e9 par une des mesures iniques qui ont fait la marque de fabrique de ce gouvernement. La gestion calamiteuse d\u2019une crise sanitaire in\u00e9dite, \u00e0 grand coups d\u2019improvisations, d\u2019ordres et de contre-ordres, qui a exacerb\u00e9 l\u2019angoisse des Fran\u00e7ais. Une s\u00e9rie de mesures en faveur des plus riches au moment o\u00f9 le pays tout entier devait son salut aux travailleurs de l\u2019ombre, mal pay\u00e9s et mal consid\u00e9r\u00e9s.<\/p><p>Pour ceux qui ont fait mine d\u2019y croire, les illusions de 2017 se sont rapidement dissip\u00e9es. Un gouvernement \u00ab\u00a0ni de gauche, ni de gauche\u00a0\u00bb. Un candidat pr\u00e9tendument \u00ab\u00a0rempart contre l\u2019extr\u00eame droite\u00a0\u00bb qui a fait peu de cas des libert\u00e9s publiques. Un pr\u00e9sident incapable de s\u2019\u00e9lever \u00e0 la hauteur de l\u2019int\u00e9r\u00eat g\u00e9n\u00e9ral. Bref, en 2022, il faut tourner la page de l\u2019exp\u00e9rience macroniste.<\/p><p>Aussi improbable que cela puisse para\u00eetre, nous pensons qu\u2019une majorit\u00e9 de gauche peut emporter la bataille \u00e9lectorale qui vient. Pour cela, nous continuons de plaider en faveur de la strat\u00e9gie de <strong>\u00ab\u00a0Nouveau Front Populaire<\/strong>\u00a0\u00bb.<\/p>\t\t\t\t\t\t<\/div>\n\t\t\t\t<\/div>\n\t\t\t\t\t<\/div>\n\t\t<\/div>\n\t\t\t\t<div class=\"elementor-column elementor-col-50 elementor-top-column elementor-element elementor-element-298669aa\" data-id=\"298669aa\" data-element_type=\"column\">\n\t\t\t<div class=\"elementor-widget-wrap elementor-element-populated\">\n\t\t\t\t\t\t\t\t<div class=\"elementor-element elementor-element-29da573e elementor-widget elementor-widget-text-editor\" data-id=\"29da573e\" data-element_type=\"widget\" data-widget_type=\"text-editor.default\">\n\t\t\t\t<div class=\"elementor-widget-container\">\n\t\t\t\t\t\t\t<p>Pour ceux qui ont fait mine d\u2019y croire, les illusions de 2017 se sont rapidement dissip\u00e9es. Un gouvernement \u00ab\u00a0ni de gauche, ni de gauche\u00a0\u00bb. Un candidat pr\u00e9tendument \u00ab\u00a0rempart contre l\u2019extr\u00eame droite\u00a0\u00bb qui a fait peu de cas des libert\u00e9s publiques. Un pr\u00e9sident incapable de s\u2019\u00e9lever \u00e0 la hauteur de l\u2019int\u00e9r\u00eat g\u00e9n\u00e9ral. Bref, en 2022, il faut tourner la page de l\u2019exp\u00e9rience macroniste.<\/p><p>Aussi improbable que cela puisse para\u00eetre, nous pensons qu\u2019une majorit\u00e9 de gauche peut emporter la bataille \u00e9lectorale qui vient. Pour cela, nous continuons de plaider en faveur de la strat\u00e9gie de <strong>\u00ab\u00a0Nouveau Front Populaire<\/strong>\u00a0\u00bb.<\/p><p>Au service de celle-ci, il faut un programme susceptible de r\u00e9pondre aux aspirations des Fran\u00e7ais que nous pr\u00e9tendons repr\u00e9senter, \u00e0 commencer par les classes populaires qui subissent les crises de plein fouet.<\/p><p>Un programme qui permette de pr\u00e9parer l\u2019avenir, d\u2019anticiper les mutations, et qui propose des solutions pour en contr\u00f4ler le cours.<\/p><p>Un programme qui prenne en compte les priorit\u00e9s du moment\u00a0: <strong>la r\u00e9paration de la France apr\u00e8s l\u2019une des plus graves crises de notre histoire en temps de paix\u00a0; le redressement de notre \u00e9conomie et de nos services publics apr\u00e8s des d\u00e9cennies de purge lib\u00e9rale. La restauration de la ma\u00eetrise collective de notre destin commun.<\/strong><\/p>\t\t\t\t\t\t<\/div>\n\t\t\t\t<\/div>\n\t\t\t\t\t<\/div>\n\t\t<\/div>\n\t\t\t\t\t\t\t<\/div>\n\t\t<\/section>\n\t\t\t\t<section data-particle_enable=\"false\" data-particle-mobile-disabled=\"false\" class=\"elementor-section elementor-top-section elementor-element elementor-element-4bcb1066 elementor-section-boxed elementor-section-height-default elementor-section-height-default\" data-id=\"4bcb1066\" data-element_type=\"section\">\n\t\t\t\t\t\t<div class=\"elementor-container elementor-column-gap-default\">\n\t\t\t\t\t<div class=\"elementor-column elementor-col-100 elementor-top-column elementor-element elementor-element-151563a5\" data-id=\"151563a5\" data-element_type=\"column\">\n\t\t\t<div class=\"elementor-widget-wrap elementor-element-populated\">\n\t\t\t\t\t\t\t\t<div class=\"elementor-element elementor-element-5f658310 elementor-widget elementor-widget-heading\" data-id=\"5f658310\" data-element_type=\"widget\" data-widget_type=\"heading.default\">\n\t\t\t\t<div class=\"elementor-widget-container\">\n\t\t\t<h2 class=\"elementor-heading-title elementor-size-default\">En savoir plus sur nos axes programmatiques<\/h2>\t\t<\/div>\n\t\t\t\t<\/div>\n\t\t\t\t\t<\/div>\n\t\t<\/div>\n\t\t\t\t\t\t\t<\/div>\n\t\t<\/section>\n\t\t\t\t<section data-particle_enable=\"false\" data-particle-mobile-disabled=\"false\" class=\"elementor-section elementor-top-section elementor-element elementor-element-1d8d599a elementor-section-boxed elementor-section-height-default elementor-section-height-default\" data-id=\"1d8d599a\" data-element_type=\"section\">\n\t\t\t\t\t\t<div class=\"elementor-container elementor-column-gap-default\">\n\t\t\t\t\t<div class=\"elementor-column elementor-col-33 elementor-top-column elementor-element elementor-element-7d6f6c8a\" data-id=\"7d6f6c8a\" data-element_type=\"column\">\n\t\t\t<div class=\"elementor-widget-wrap elementor-element-populated\">\n\t\t\t\t\t\t\t\t<div class=\"elementor-element elementor-element-63a99cbd elementor-widget elementor-widget-heading\" data-id=\"63a99cbd\" data-element_type=\"widget\" data-widget_type=\"heading.default\">\n\t\t\t\t<div class=\"elementor-widget-container\">\n\t\t\t<h5 class=\"elementor-heading-title elementor-size-default\">Une France qui ma\u00eetrise son destin<\/h5>\t\t<\/div>\n\t\t\t\t<\/div>\n\t\t\t\t<div class=\"elementor-element elementor-element-28313948 elementor-widget elementor-widget-spacer\" data-id=\"28313948\" data-element_type=\"widget\" data-widget_type=\"spacer.default\">\n\t\t\t\t<div class=\"elementor-widget-container\">\n\t\t\t\t\t<div class=\"elementor-spacer\">\n\t\t\t<div class=\"elementor-spacer-inner\"><\/div>\n\t\t<\/div>\n\t\t\t\t<\/div>\n\t\t\t\t<\/div>\n\t\t\t\t<div class=\"elementor-element elementor-element-b51a71b elementor-widget elementor-widget-heading\" data-id=\"b51a71b\" data-element_type=\"widget\" data-widget_type=\"heading.default\">\n\t\t\t\t<div class=\"elementor-widget-container\">\n\t\t\t<p class=\"elementor-heading-title elementor-size-default\">Au moment o\u00f9 des multinationales n\u2019ont que faire des \u00c9tats, des fronti\u00e8res et des r\u00e8gles, et r\u00eavent tout haut d\u2019entreprises sans usine et de march\u00e9 sans entrave ; au moment o\u00f9 de nombreux dirigeants s\u2019affranchissent de l\u2019avis des peuples ou construisent sans eux, voire contre eux, des politiques injustes, la belle et grande id\u00e9e de souverainet\u00e9 recouvre toute sa pertinence.\nLes citoyens veulent reprendre le contr\u00f4le : nous proposons de les y aider. Renouer avec l\u2019exigence r\u00e9publicaine d\u2019une instruction de qualit\u00e9, de l\u2019acc\u00e8s \u00e0 la culture pour tous, de la d\u00e9mocratisation de nos institutions, c\u2019est \u00e9videmment possible.<\/p>\t\t<\/div>\n\t\t\t\t<\/div>\n\t\t\t\t\t<\/div>\n\t\t<\/div>\n\t\t\t\t<div class=\"elementor-column elementor-col-33 elementor-top-column elementor-element elementor-element-7ca498ff\" data-id=\"7ca498ff\" data-element_type=\"column\">\n\t\t\t<div class=\"elementor-widget-wrap elementor-element-populated\">\n\t\t\t\t\t\t\t\t<div class=\"elementor-element elementor-element-c686720 elementor-widget elementor-widget-heading\" data-id=\"c686720\" data-element_type=\"widget\" data-widget_type=\"heading.default\">\n\t\t\t\t<div class=\"elementor-widget-container\">\n\t\t\t<h5 class=\"elementor-heading-title elementor-size-default\">Une France qui cr\u00e9e et qui innove<\/h5>\t\t<\/div>\n\t\t\t\t<\/div>\n\t\t\t\t<div class=\"elementor-element elementor-element-6e711158 elementor-widget elementor-widget-spacer\" data-id=\"6e711158\" data-element_type=\"widget\" data-widget_type=\"spacer.default\">\n\t\t\t\t<div class=\"elementor-widget-container\">\n\t\t\t\t\t<div class=\"elementor-spacer\">\n\t\t\t<div class=\"elementor-spacer-inner\"><\/div>\n\t\t<\/div>\n\t\t\t\t<\/div>\n\t\t\t\t<\/div>\n\t\t\t\t<div class=\"elementor-element elementor-element-413cc93e elementor-widget elementor-widget-heading\" data-id=\"413cc93e\" data-element_type=\"widget\" data-widget_type=\"heading.default\">\n\t\t\t\t<div class=\"elementor-widget-container\">\n\t\t\t<p class=\"elementor-heading-title elementor-size-default\">L\u2019\u00e9conomie devrait \u00eatre au service des hommes, mais elle les a mis \u00e0 son service. La France a souffert des politiques absurdes impos\u00e9es par les ravis de la mondialisation heureuse, communiant dans le culte de la globalisation financi\u00e8re et du libre-\u00e9change g\u00e9n\u00e9ralis\u00e9.\nLes deux grandes crises \u00e9conomiques du d\u00e9but du si\u00e8cle \u00e9branlent les certitudes des lib\u00e9raux. Il faut s\u2019engouffrer dans la br\u00e8che. La France, durement \u00e9prouv\u00e9e par les privatisations et les d\u00e9localisations, a suffisamment de ressources, de savoir-faire, de travailleurs form\u00e9s, pour (re)devenir une puissance industrielle ind\u00e9pendante et compatible avec l\u2019urgence de la transition \u00e9cologique.<\/p>\t\t<\/div>\n\t\t\t\t<\/div>\n\t\t\t\t\t<\/div>\n\t\t<\/div>\n\t\t\t\t<div class=\"elementor-column elementor-col-33 elementor-top-column elementor-element elementor-element-ba5981c\" data-id=\"ba5981c\" data-element_type=\"column\">\n\t\t\t<div class=\"elementor-widget-wrap elementor-element-populated\">\n\t\t\t\t\t\t\t\t<div class=\"elementor-element elementor-element-7c16ffb0 elementor-widget elementor-widget-heading\" data-id=\"7c16ffb0\" data-element_type=\"widget\" data-widget_type=\"heading.default\">\n\t\t\t\t<div class=\"elementor-widget-container\">\n\t\t\t<h5 class=\"elementor-heading-title elementor-size-default\">Une France qui prot\u00e8ge et qui soutient<\/h5>\t\t<\/div>\n\t\t\t\t<\/div>\n\t\t\t\t<div class=\"elementor-element elementor-element-6d27460d elementor-widget elementor-widget-spacer\" data-id=\"6d27460d\" data-element_type=\"widget\" data-widget_type=\"spacer.default\">\n\t\t\t\t<div class=\"elementor-widget-container\">\n\t\t\t\t\t<div class=\"elementor-spacer\">\n\t\t\t<div class=\"elementor-spacer-inner\"><\/div>\n\t\t<\/div>\n\t\t\t\t<\/div>\n\t\t\t\t<\/div>\n\t\t\t\t<div class=\"elementor-element elementor-element-4885d54a elementor-widget elementor-widget-heading\" data-id=\"4885d54a\" data-element_type=\"widget\" data-widget_type=\"heading.default\">\n\t\t\t\t<div class=\"elementor-widget-container\">\n\t\t\t<p class=\"elementor-heading-title elementor-size-default\">Les terribles ann\u00e9es 2020 et 2021 ont \u00e9t\u00e9 pr\u00e9c\u00e9d\u00e9es par une offensive brutale contre les piliers de notre mod\u00e8le social : le droit du travail, l\u2019h\u00f4pital, la SNCF, les retraites. Les libert\u00e9s publiques ont fait l\u2019objet d\u2019inqui\u00e9tantes remises en cause, avec l\u2019accumulation des \u00e9tats d\u2019urgence. \u00c9radiquer la pauvret\u00e9, r\u00e9tablir la justice sociale et fiscale, les chantiers sont immenses.D\u2019o\u00f9 l\u2019urgence de se rassembler autour du projet de la R\u00e9publique Sociale, o\u00f9 la puissance publique retrouvera les moyens d\u2019exercer son r\u00f4le essentiel de protection des Fran\u00e7ais, de soutien \u00e0 nos compatriotes les plus fragiles et de construction d\u2019une soci\u00e9t\u00e9 plus fraternelle.<\/p>\t\t<\/div>\n\t\t\t\t<\/div>\n\t\t\t\t\t<\/div>\n\t\t<\/div>\n\t\t\t\t\t\t\t<\/div>\n\t\t<\/section>\n\t\t\t\t<section data-particle_enable=\"false\" data-particle-mobile-disabled=\"false\" class=\"elementor-section elementor-top-section elementor-element elementor-element-6259328d elementor-section-boxed elementor-section-height-default elementor-section-height-default\" data-id=\"6259328d\" data-element_type=\"section\">\n\t\t\t\t\t\t<div class=\"elementor-container elementor-column-gap-default\">\n\t\t\t\t\t<div class=\"elementor-column elementor-col-33 elementor-top-column elementor-element elementor-element-72195e6f\" data-id=\"72195e6f\" data-element_type=\"column\">\n\t\t\t<div class=\"elementor-widget-wrap elementor-element-populated\">\n\t\t\t\t\t\t\t\t<div class=\"elementor-element elementor-element-512a8e57 elementor-align-center elementor-widget elementor-widget-button\" data-id=\"512a8e57\" data-element_type=\"widget\" data-widget_type=\"button.default\">\n\t\t\t\t<div class=\"elementor-widget-container\">\n\t\t\t\t\t<div class=\"elementor-button-wrapper\">\n\t\t\t<a href=\"http:\/\/www.gaucherepublicaine2022.fr\/index.php\/une-france-qui-maitrise-son-destin\/\" class=\"elementor-button-link elementor-button elementor-size-xs\" role=\"button\">\n\t\t\t\t\t\t<span class=\"elementor-button-content-wrapper\">\n\t\t\t\t\t\t<span class=\"elementor-button-text\">En savoir plus<\/span>\n\t\t<\/span>\n\t\t\t\t\t<\/a>\n\t\t<\/div>\n\t\t\t\t<\/div>\n\t\t\t\t<\/div>\n\t\t\t\t\t<\/div>\n\t\t<\/div>\n\t\t\t\t<div class=\"elementor-column elementor-col-33 elementor-top-column elementor-element elementor-element-3a691dcb\" data-id=\"3a691dcb\" data-element_type=\"column\">\n\t\t\t<div class=\"elementor-widget-wrap elementor-element-populated\">\n\t\t\t\t\t\t\t\t<div class=\"elementor-element elementor-element-3e9716cc elementor-align-center elementor-widget elementor-widget-button\" data-id=\"3e9716cc\" data-element_type=\"widget\" data-widget_type=\"button.default\">\n\t\t\t\t<div class=\"elementor-widget-container\">\n\t\t\t\t\t<div class=\"elementor-button-wrapper\">\n\t\t\t<a href=\"http:\/\/www.gaucherepublicaine2022.fr\/index.php\/une-france-qui-cree-et-qui-innove\/\" class=\"elementor-button-link elementor-button elementor-size-xs\" role=\"button\">\n\t\t\t\t\t\t<span class=\"elementor-button-content-wrapper\">\n\t\t\t\t\t\t<span class=\"elementor-button-text\">En savoir plus<\/span>\n\t\t<\/span>\n\t\t\t\t\t<\/a>\n\t\t<\/div>\n\t\t\t\t<\/div>\n\t\t\t\t<\/div>\n\t\t\t\t\t<\/div>\n\t\t<\/div>\n\t\t\t\t<div class=\"elementor-column elementor-col-33 elementor-top-column elementor-element elementor-element-5dede2bc\" data-id=\"5dede2bc\" data-element_type=\"column\">\n\t\t\t<div class=\"elementor-widget-wrap elementor-element-populated\">\n\t\t\t\t\t\t\t\t<div class=\"elementor-element elementor-element-add665a elementor-align-center elementor-widget elementor-widget-button\" data-id=\"add665a\" data-element_type=\"widget\" data-widget_type=\"button.default\">\n\t\t\t\t<div class=\"elementor-widget-container\">\n\t\t\t\t\t<div class=\"elementor-button-wrapper\">\n\t\t\t<a href=\"http:\/\/www.gaucherepublicaine2022.fr\/index.php\/une-france-qui-protege-et-qui-soutient\/\" class=\"elementor-button-link elementor-button elementor-size-xs\" role=\"button\">\n\t\t\t\t\t\t<span class=\"elementor-button-content-wrapper\">\n\t\t\t\t\t\t<span class=\"elementor-button-text\">En savoir plus<\/span>\n\t\t<\/span>\n\t\t\t\t\t<\/a>\n\t\t<\/div>\n\t\t\t\t<\/div>\n\t\t\t\t<\/div>\n\t\t\t\t\t<\/div>\n\t\t<\/div>\n\t\t\t\t\t\t\t<\/div>\n\t\t<\/section>\n\t\t\t\t<section data-particle_enable=\"false\" data-particle-mobile-disabled=\"false\" class=\"elementor-section elementor-top-section elementor-element elementor-element-61419236 elementor-section-boxed elementor-section-height-default elementor-section-height-default\" data-id=\"61419236\" data-element_type=\"section\">\n\t\t\t\t\t\t<div class=\"elementor-container elementor-column-gap-default\">\n\t\t\t\t\t<div class=\"elementor-column elementor-col-100 elementor-top-column elementor-element elementor-element-6690b61d\" data-id=\"6690b61d\" data-element_type=\"column\">\n\t\t\t<div class=\"elementor-widget-wrap elementor-element-populated\">\n\t\t\t\t\t\t\t\t<div class=\"elementor-element elementor-element-6495c06 elementor-widget elementor-widget-spacer\" data-id=\"6495c06\" data-element_type=\"widget\" data-widget_type=\"spacer.default\">\n\t\t\t\t<div class=\"elementor-widget-container\">\n\t\t\t\t\t<div class=\"elementor-spacer\">\n\t\t\t<div class=\"elementor-spacer-inner\"><\/div>\n\t\t<\/div>\n\t\t\t\t<\/div>\n\t\t\t\t<\/div>\n\t\t\t\t\t<\/div>\n\t\t<\/div>\n\t\t\t\t\t\t\t<\/div>\n\t\t<\/section>\n\t\t\t\t\t\t\t<\/div>\n\t\t","protected":false},"excerpt":{"rendered":"<p>Nous n&rsquo;avons pas renonc\u00e9 \u00e0 changer la vie ! Nous n\u2019avons pas renonc\u00e9 \u00e0 changer la vie. En ces temps de d\u00e9senchantement d\u00e9mocratique et de recul du militantisme politique, cette profession de foi peut para\u00eetre aussi immodeste qu\u2019irr\u00e9aliste. Les urgences sont l\u00e0, spectaculaires et tragiques\u00a0: r\u00e9chauffement climatique, in\u00e9galit\u00e9s sociales, bouleversements g\u00e9opolitiques. Nos r\u00e9ponses doivent \u00eatre &hellip; <\/p>\n<p class=\"link-more\"><a href=\"https:\/\/www.gaucherepublicaine2022.fr\/\" class=\"more-link\">Continuer la lecture <span class=\"screen-reader-text\"> \u00ab\u00a0Accueil\u00a0\u00bb<\/span><\/a><\/p>\n","protected":false},"author":1,"featured_media":0,"parent":0,"menu_order":0,"comment_status":"closed","ping_status":"closed","template":"","meta":{"spay_email":"","footnotes":""},"class_list":["post-94","page","type-page","status-publish","hentry","entry"],"_links":{"self":[{"href":"https:\/\/www.gaucherepublicaine2022.fr\/index.php\/wp-json\/wp\/v2\/pages\/94","targetHints":{"allow":["GET"]}}],"collection":[{"href":"https:\/\/www.gaucherepublicaine2022.fr\/index.php\/wp-json\/wp\/v2\/pages"}],"about":[{"href":"https:\/\/www.gaucherepublicaine2022.fr\/index.php\/wp-json\/wp\/v2\/types\/page"}],"author":[{"embeddable":true,"href":"https:\/\/www.gaucherepublicaine2022.fr\/index.php\/wp-json\/wp\/v2\/users\/1"}],"replies":[{"embeddable":true,"href":"https:\/\/www.gaucherepublicaine2022.fr\/index.php\/wp-json\/wp\/v2\/comments?post=94"}],"version-history":[{"count":19,"href":"https:\/\/www.gaucherepublicaine2022.fr\/index.php\/wp-json\/wp\/v2\/pages\/94\/revisions"}],"predecessor-version":[{"id":249,"href":"https:\/\/www.gaucherepublicaine2022.fr\/index.php\/wp-json\/wp\/v2\/pages\/94\/revisions\/249"}],"wp:attachment":[{"href":"https:\/\/www.gaucherepublicaine2022.fr\/index.php\/wp-json\/wp\/v2\/media?parent=94"}],"curies":[{"name":"wp","href":"https:\/\/api.w.org\/{rel}","templated":true}]}}